{"id":5101,"date":"2020-05-08T19:38:24","date_gmt":"2020-05-09T00:38:24","guid":{"rendered":"http:\/\/manaju.co\/?page_id=5101"},"modified":"2024-10-08T12:31:11","modified_gmt":"2024-10-08T17:31:11","slug":"servicios","status":"publish","type":"page","link":"https:\/\/manaju.co\/?page_id=5101","title":{"rendered":"Servicios"},"content":{"rendered":"\t\t<div data-elementor-type=\"wp-page\" data-elementor-id=\"5101\" class=\"elementor elementor-5101\">\n\t\t\t\t\t\t<section class=\"elementor-section elementor-top-section elementor-element elementor-element-ea25ff4 elementor-section-full_width elementor-section-height-full elementor-section-stretched elementor-section-height-default elementor-section-items-middle\" data-id=\"ea25ff4\" data-element_type=\"section\" data-settings=\"{&quot;stretch_section&quot;:&quot;section-stretched&quot;,&quot;background_background&quot;:&quot;slideshow&quot;,&quot;background_slideshow_gallery&quot;:[{&quot;id&quot;:4323,&quot;url&quot;:&quot;https:\\\/\\\/manaju.co\\\/wp-content\\\/uploads\\\/2020\\\/04\\\/IMG_0055-scaled-e1588007816332.jpg&quot;},{&quot;id&quot;:4319,&quot;url&quot;:&quot;https:\\\/\\\/manaju.co\\\/wp-content\\\/uploads\\\/2020\\\/04\\\/0DA4D1FC-A78C-4B5E-B8A8-AA882639C72F.jpg&quot;},{&quot;id&quot;:5224,&quot;url&quot;:&quot;https:\\\/\\\/manaju.co\\\/wp-content\\\/uploads\\\/2021\\\/02\\\/Action-logo-color-scaled.jpg&quot;},{&quot;id&quot;:4312,&quot;url&quot;:&quot;https:\\\/\\\/manaju.co\\\/wp-content\\\/uploads\\\/2020\\\/04\\\/cropped-IMG_2148-scaled-2.jpg&quot;},{&quot;id&quot;:155,&quot;url&quot;:&quot;https:\\\/\\\/manaju.co\\\/wp-content\\\/uploads\\\/2020\\\/04\\\/DSC_0002-scaled.jpg&quot;},{&quot;id&quot;:5226,&quot;url&quot;:&quot;https:\\\/\\\/manaju.co\\\/wp-content\\\/uploads\\\/2021\\\/02\\\/Logo.png&quot;},{&quot;id&quot;:80,&quot;url&quot;:&quot;https:\\\/\\\/manaju.co\\\/wp-content\\\/uploads\\\/2020\\\/04\\\/IMG_0053-scaled.jpg&quot;},{&quot;id&quot;:5225,&quot;url&quot;:&quot;https:\\\/\\\/manaju.co\\\/wp-content\\\/uploads\\\/2021\\\/02\\\/Bona-Certified-Craftsman-Logo-279x300-1.jpg&quot;},{&quot;id&quot;:197,&quot;url&quot;:&quot;https:\\\/\\\/manaju.co\\\/wp-content\\\/uploads\\\/2020\\\/04\\\/cropped-Manaju-UMP-1-e1587776168553-1.png&quot;}],&quot;background_slideshow_ken_burns&quot;:&quot;yes&quot;,&quot;background_slideshow_ken_burns_zoom_direction&quot;:&quot;out&quot;,&quot;background_slideshow_loop&quot;:&quot;yes&quot;,&quot;background_slideshow_slide_duration&quot;:5000,&quot;background_slideshow_slide_transition&quot;:&quot;fade&quot;,&quot;background_slideshow_transition_duration&quot;:500}\">\n\t\t\t\t\t\t<div class=\"elementor-container elementor-column-gap-default\">\n\t\t\t\t\t<div class=\"elementor-column elementor-col-100 elementor-top-column elementor-element elementor-element-67f8d22\" data-id=\"67f8d22\" data-element_type=\"column\">\n\t\t\t<div class=\"elementor-widget-wrap\">\n\t\t\t\t\t\t\t<\/div>\n\t\t<\/div>\n\t\t\t\t\t<\/div>\n\t\t<\/section>\n\t\t\t\t<section class=\"elementor-section elementor-top-section elementor-element elementor-element-9a28dbf elementor-section-boxed elementor-section-height-default elementor-section-height-default\" data-id=\"9a28dbf\" data-element_type=\"section\">\n\t\t\t\t\t\t<div class=\"elementor-container elementor-column-gap-default\">\n\t\t\t\t\t<div class=\"elementor-column elementor-col-33 elementor-top-column elementor-element elementor-element-dc35bc0\" data-id=\"dc35bc0\" data-element_type=\"column\">\n\t\t\t<div class=\"elementor-widget-wrap elementor-element-populated\">\n\t\t\t\t\t\t<div class=\"elementor-element elementor-element-90775cf animated-slow elementor-invisible elementor-widget elementor-widget-button\" data-id=\"90775cf\" data-element_type=\"widget\" data-settings=\"{&quot;_animation&quot;:&quot;slideInDown&quot;,&quot;_animation_mobile&quot;:&quot;slideInDown&quot;,&quot;_animation_delay&quot;:400}\" data-widget_type=\"button.default\">\n\t\t\t\t<div class=\"elementor-widget-container\">\n\t\t\t\t\t\t\t\t\t<div class=\"elementor-button-wrapper\">\n\t\t\t\t\t<a class=\"elementor-button elementor-button-link elementor-size-sm\" href=\"https:\/\/manaju.co\/?page_id=4493\">\n\t\t\t\t\t\t<span class=\"elementor-button-content-wrapper\">\n\t\t\t\t\t\t\t\t\t<span class=\"elementor-button-text\">Limpieza Profunda de Pisos de Madera, Vin\u00edlicos y Deportivos<\/span>\n\t\t\t\t\t<\/span>\n\t\t\t\t\t<\/a>\n\t\t\t\t<\/div>\n\t\t\t\t\t\t\t\t<\/div>\n\t\t\t\t<\/div>\n\t\t\t\t\t<\/div>\n\t\t<\/div>\n\t\t\t\t<div class=\"elementor-column elementor-col-33 elementor-top-column elementor-element elementor-element-3dc58af\" data-id=\"3dc58af\" data-element_type=\"column\">\n\t\t\t<div class=\"elementor-widget-wrap elementor-element-populated\">\n\t\t\t\t\t\t<div class=\"elementor-element elementor-element-2f076a9 animated-slow elementor-invisible elementor-widget elementor-widget-button\" data-id=\"2f076a9\" data-element_type=\"widget\" data-settings=\"{&quot;_animation&quot;:&quot;slideInDown&quot;,&quot;_animation_delay&quot;:800,&quot;_animation_mobile&quot;:&quot;slideInLeft&quot;}\" data-widget_type=\"button.default\">\n\t\t\t\t<div class=\"elementor-widget-container\">\n\t\t\t\t\t\t\t\t\t<div class=\"elementor-button-wrapper\">\n\t\t\t\t\t<a class=\"elementor-button elementor-button-link elementor-size-sm\" href=\"https:\/\/manaju.co\/?page_id=4489\">\n\t\t\t\t\t\t<span class=\"elementor-button-content-wrapper\">\n\t\t\t\t\t\t\t\t\t<span class=\"elementor-button-text\">Restauraci\u00f3n y Mantenimiento de Pisos de Madera Residenciales y Comerciales<\/span>\n\t\t\t\t\t<\/span>\n\t\t\t\t\t<\/a>\n\t\t\t\t<\/div>\n\t\t\t\t\t\t\t\t<\/div>\n\t\t\t\t<\/div>\n\t\t\t\t\t<\/div>\n\t\t<\/div>\n\t\t\t\t<div class=\"elementor-column elementor-col-33 elementor-top-column elementor-element elementor-element-d69f5e6\" data-id=\"d69f5e6\" data-element_type=\"column\">\n\t\t\t<div class=\"elementor-widget-wrap elementor-element-populated\">\n\t\t\t\t\t\t<div class=\"elementor-element elementor-element-205ddf6 animated-slow elementor-invisible elementor-widget elementor-widget-button\" data-id=\"205ddf6\" data-element_type=\"widget\" data-settings=\"{&quot;_animation&quot;:&quot;slideInDown&quot;,&quot;_animation_delay&quot;:1000,&quot;_animation_mobile&quot;:&quot;slideInUp&quot;}\" data-widget_type=\"button.default\">\n\t\t\t\t<div class=\"elementor-widget-container\">\n\t\t\t\t\t\t\t\t\t<div class=\"elementor-button-wrapper\">\n\t\t\t\t\t<a class=\"elementor-button elementor-button-link elementor-size-sm\" href=\"https:\/\/manaju.co\/?page_id=4497\">\n\t\t\t\t\t\t<span class=\"elementor-button-content-wrapper\">\n\t\t\t\t\t\t\t\t\t<span class=\"elementor-button-text\">Restauraci\u00f3n y Mantenimiento de Pisos Deportivos<\/span>\n\t\t\t\t\t<\/span>\n\t\t\t\t\t<\/a>\n\t\t\t\t<\/div>\n\t\t\t\t\t\t\t\t<\/div>\n\t\t\t\t<\/div>\n\t\t\t\t\t<\/div>\n\t\t<\/div>\n\t\t\t\t\t<\/div>\n\t\t<\/section>\n\t\t\t\t<\/div>\n\t\t","protected":false},"excerpt":{"rendered":"<p>Limpieza Profunda de Pisos de Madera, Vin\u00edlicos y Deportivos Restauraci\u00f3n y Mantenimiento de Pisos de Madera Residenciales y Comerciales Restauraci\u00f3n y Mantenimiento de Pisos Deportivos<\/p>\n","protected":false},"author":1,"featured_media":0,"parent":0,"menu_order":0,"comment_status":"closed","ping_status":"closed","template":"page-templates\/template-pagebuilder-full-width.php","meta":{"footnotes":""},"class_list":["post-5101","page","type-page","status-publish","hentry"],"_links":{"self":[{"href":"https:\/\/manaju.co\/index.php?rest_route=\/wp\/v2\/pages\/5101","targetHints":{"allow":["GET"]}}],"collection":[{"href":"https:\/\/manaju.co\/index.php?rest_route=\/wp\/v2\/pages"}],"about":[{"href":"https:\/\/manaju.co\/index.php?rest_route=\/wp\/v2\/types\/page"}],"author":[{"embeddable":true,"href":"https:\/\/manaju.co\/index.php?rest_route=\/wp\/v2\/users\/1"}],"replies":[{"embeddable":true,"href":"https:\/\/manaju.co\/index.php?rest_route=%2Fwp%2Fv2%2Fcomments&post=5101"}],"version-history":[{"count":125,"href":"https:\/\/manaju.co\/index.php?rest_route=\/wp\/v2\/pages\/5101\/revisions"}],"predecessor-version":[{"id":5472,"href":"https:\/\/manaju.co\/index.php?rest_route=\/wp\/v2\/pages\/5101\/revisions\/5472"}],"wp:attachment":[{"href":"https:\/\/manaju.co\/index.php?rest_route=%2Fwp%2Fv2%2Fmedia&parent=5101"}],"curies":[{"name":"wp","href":"https:\/\/api.w.org\/{rel}","templated":true}]}}